{"id":10997,"date":"2023-07-24T08:32:08","date_gmt":"2023-07-24T08:32:08","guid":{"rendered":"http:\/\/balagueraabogados.com\/?page_id=10997"},"modified":"2025-04-05T18:38:20","modified_gmt":"2025-04-05T18:38:20","slug":"acerca","status":"publish","type":"page","link":"https:\/\/balagueraabogados.com\/index.php\/acerca\/","title":{"rendered":"Acerca de nosotros"},"content":{"rendered":"\t\t<div data-elementor-type=\"wp-page\" data-elementor-id=\"10997\" class=\"elementor elementor-10997\">\n\t\t\t\t<div class=\"elementor-element elementor-element-0d5e4fb e-flex e-con-boxed wpr-particle-no wpr-jarallax-no wpr-parallax-no wpr-sticky-section-no e-con e-parent\" data-id=\"0d5e4fb\" data-element_type=\"container\">\n\t\t\t\t\t<div class=\"e-con-inner\">\n\t\t<div class=\"elementor-element elementor-element-bce953d e-con-full e-flex wpr-particle-no wpr-jarallax-no wpr-parallax-no wpr-sticky-section-no e-con e-child\" data-id=\"bce953d\" data-element_type=\"container\">\n\t\t\t\t<div class=\"elementor-element elementor-element-2cfbf19 elementor-widget elementor-widget-heading\" data-id=\"2cfbf19\" data-element_type=\"widget\" data-widget_type=\"heading.default\">\n\t\t\t\t<div class=\"elementor-widget-container\">\n\t\t\t\t\t<h2 class=\"elementor-heading-title elementor-size-default\">Nuestra Historia<\/h2>\t\t\t\t<\/div>\n\t\t\t\t<\/div>\n\t\t\t\t<div class=\"elementor-element elementor-element-acf8ae1 elementor-widget elementor-widget-heading\" data-id=\"acf8ae1\" data-element_type=\"widget\" data-widget_type=\"heading.default\">\n\t\t\t\t<div class=\"elementor-widget-container\">\n\t\t\t\t\t<h2 class=\"elementor-heading-title elementor-size-default\">Inicios<\/h2>\t\t\t\t<\/div>\n\t\t\t\t<\/div>\n\t\t\t\t<\/div>\n\t\t\t\t<div class=\"elementor-element elementor-element-48d5675 elementor-drop-cap-yes elementor-drop-cap-view-default elementor-widget elementor-widget-text-editor\" data-id=\"48d5675\" data-element_type=\"widget\" data-settings=\"{&quot;drop_cap&quot;:&quot;yes&quot;}\" data-widget_type=\"text-editor.default\">\n\t\t\t\t<div class=\"elementor-widget-container\">\n\t\t\t\t\t\t\t\t\t<p>Aunque Balaguera L\u00f3pez Abogados Consultores S.A.S. se constituy\u00f3 formalmente en 2020, la firma recoge la vasta experiencia de m\u00e1s de 30 a\u00f1os de uno de sus socios fundadores, Wilson Balaguera Pardo, abogado de la Universidad Nacional de Colombia y especialista en derecho laboral y administrativo de la Universidad del Rosario. Esta trayectoria le permite a la firma combinar un conocimiento profundo en el \u00e1mbito jur\u00eddico con una visi\u00f3n moderna que responde a las demandas de un mercado en constante cambio.<\/p><p>Desde el comienzo, Balaguera L\u00f3pez Abogados Consultores\u00a0S.A.S. se ha destacado por brindar asesor\u00eda jur\u00eddica de vanguardia a empresas de diversos sectores, ayud\u00e1ndolas a enfrentar los desaf\u00edos de un entorno empresarial cada vez m\u00e1s competitivo. Nos especializamos en derecho corporativo, constituci\u00f3n de sociedades, contratos comerciales, fusiones y adquisiciones, gobierno corporativo y cumplimiento normativo.<\/p>\t\t\t\t\t\t\t\t<\/div>\n\t\t\t\t<\/div>\n\t\t\t\t<div class=\"elementor-element elementor-element-8674b3c elementor-widget elementor-widget-heading\" data-id=\"8674b3c\" data-element_type=\"widget\" data-widget_type=\"heading.default\">\n\t\t\t\t<div class=\"elementor-widget-container\">\n\t\t\t\t\t<h2 class=\"elementor-heading-title elementor-size-default\">Con El Tiempo <\/h2>\t\t\t\t<\/div>\n\t\t\t\t<\/div>\n\t\t\t\t<div class=\"elementor-element elementor-element-5300f5b elementor-drop-cap-yes elementor-drop-cap-view-default elementor-widget elementor-widget-text-editor\" data-id=\"5300f5b\" data-element_type=\"widget\" data-settings=\"{&quot;drop_cap&quot;:&quot;yes&quot;}\" data-widget_type=\"text-editor.default\">\n\t\t\t\t<div class=\"elementor-widget-container\">\n\t\t\t\t\t\t\t\t\t<p>Nuestro Portafolio se Ha Ampliado<br \/>Con el fin de cubrir las necesidades legales de nuestros clientes, nuestro portafolio se extiende a diversas \u00e1reas del derecho, incluyendo competencia desleal, derecho laboral, derecho civil, procesos de insolvencia y reorganizaci\u00f3n, liquidaciones judiciales, acciones jurisdiccionales en lo p\u00fablico administrativo, as\u00ed como el segmento de contrataci\u00f3n estatal. Este enfoque integral nos permite ofrecer soluciones legales adaptadas a las demandas y objetivos espec\u00edficos de cada cliente<\/p>\t\t\t\t\t\t\t\t<\/div>\n\t\t\t\t<\/div>\n\t\t\t\t<div class=\"elementor-element elementor-element-c1b200b elementor-widget elementor-widget-heading\" data-id=\"c1b200b\" data-element_type=\"widget\" data-widget_type=\"heading.default\">\n\t\t\t\t<div class=\"elementor-widget-container\">\n\t\t\t\t\t<h2 class=\"elementor-heading-title elementor-size-default\">Hoy Dia<\/h2>\t\t\t\t<\/div>\n\t\t\t\t<\/div>\n\t\t\t\t\t<\/div>\n\t\t\t\t<\/div>\n\t\t<div class=\"elementor-element elementor-element-fceeb9d e-flex e-con-boxed wpr-particle-no wpr-jarallax-no wpr-parallax-no wpr-sticky-section-no e-con e-parent\" data-id=\"fceeb9d\" data-element_type=\"container\">\n\t\t\t\t\t<div class=\"e-con-inner\">\n\t\t\t\t<div class=\"elementor-element elementor-element-dd2f92d elementor-drop-cap-yes elementor-widget__width-initial elementor-drop-cap-view-default elementor-widget elementor-widget-text-editor\" data-id=\"dd2f92d\" data-element_type=\"widget\" data-settings=\"{&quot;drop_cap&quot;:&quot;yes&quot;}\" data-widget_type=\"text-editor.default\">\n\t\t\t\t<div class=\"elementor-widget-container\">\n\t\t\t\t\t\t\t\t\t<p>Actualmente, Balaguera L\u00f3pez Abogados Consultores\u00a0S.A.S. cuenta con clientes en operaci\u00f3n de litigio y consultor\u00eda en m\u00faltiples ciudades de Colombia, incluyendo Bogot\u00e1, Villavicencio, Yopal, Medell\u00edn, Cali, Jamund\u00ed, Palmira, Popay\u00e1n y Puerto Carre\u00f1o. Esta amplia cobertura nos permite adaptarnos a las necesidades locales de cada cliente, ofreciendo un servicio \u00e1gil y eficiente en todo el pa\u00eds.<\/p><p>Nuestra firma es reconocida por su excelencia en el servicio, integridad y resultados excepcionales, siendo un destino atractivo para los mejores talentos del derecho. Con oficinas en Bogot\u00e1 y Villavicencio, seguimos liderando el mercado legal colombiano, brindando asesor\u00eda de vanguardia a empresas de todos los tama\u00f1os y sectores. Nuestra historia es un testimonio de nuestro compromiso con la innovaci\u00f3n, la dedicaci\u00f3n y la excelencia en el derecho, respaldada por la experiencia de tres d\u00e9cadas de nuestro socio fundador.<\/p>\t\t\t\t\t\t\t\t<\/div>\n\t\t\t\t<\/div>\n\t\t\t\t\t<\/div>\n\t\t\t\t<\/div>\n\t\t<div class=\"elementor-element elementor-element-a2d2a14 e-flex e-con-boxed wpr-particle-no wpr-jarallax-no wpr-parallax-no wpr-sticky-section-no e-con e-parent\" data-id=\"a2d2a14\" data-element_type=\"container\">\n\t\t\t\t\t<div class=\"e-con-inner\">\n\t\t\t\t<div class=\"elementor-element elementor-element-287c135 elementor-widget elementor-widget-spacer\" data-id=\"287c135\" data-element_type=\"widget\" data-widget_type=\"spacer.default\">\n\t\t\t\t<div class=\"elementor-widget-container\">\n\t\t\t\t\t\t\t<div class=\"elementor-spacer\">\n\t\t\t<div class=\"elementor-spacer-inner\"><\/div>\n\t\t<\/div>\n\t\t\t\t\t\t<\/div>\n\t\t\t\t<\/div>\n\t\t\t\t\t<\/div>\n\t\t\t\t<\/div>\n\t\t<div class=\"elementor-element elementor-element-d6386f7 e-flex e-con-boxed wpr-particle-no wpr-jarallax-no wpr-parallax-no wpr-sticky-section-no e-con e-parent\" data-id=\"d6386f7\" data-element_type=\"container\">\n\t\t\t\t\t<div class=\"e-con-inner\">\n\t\t\t\t<div class=\"elementor-element elementor-element-bb81e8d elementor-widget elementor-widget-image\" data-id=\"bb81e8d\" data-element_type=\"widget\" data-widget_type=\"image.default\">\n\t\t\t\t<div class=\"elementor-widget-container\">\n\t\t\t\t\t\t\t\t\t\t\t\t\t\t\t<img fetchpriority=\"high\" decoding=\"async\" width=\"1024\" height=\"683\" src=\"https:\/\/balagueraabogados.com\/wp-content\/uploads\/2024\/12\/DSC05839-1024x683.jpg\" class=\"attachment-large size-large wp-image-69149\" alt=\"\" srcset=\"https:\/\/balagueraabogados.com\/wp-content\/uploads\/2024\/12\/DSC05839-1024x683.jpg 1024w, https:\/\/balagueraabogados.com\/wp-content\/uploads\/2024\/12\/DSC05839-300x200.jpg 300w, https:\/\/balagueraabogados.com\/wp-content\/uploads\/2024\/12\/DSC05839-768x512.jpg 768w, https:\/\/balagueraabogados.com\/wp-content\/uploads\/2024\/12\/DSC05839-1536x1024.jpg 1536w, https:\/\/balagueraabogados.com\/wp-content\/uploads\/2024\/12\/DSC05839-2048x1365.jpg 2048w, https:\/\/balagueraabogados.com\/wp-content\/uploads\/2024\/12\/DSC05839-18x12.jpg 18w, https:\/\/balagueraabogados.com\/wp-content\/uploads\/2024\/12\/DSC05839-600x400.jpg 600w\" sizes=\"(max-width: 1024px) 100vw, 1024px\" \/>\t\t\t\t\t\t\t\t\t\t\t\t\t\t\t<\/div>\n\t\t\t\t<\/div>\n\t\t\t\t\t<\/div>\n\t\t\t\t<\/div>\n\t\t<div class=\"elementor-element elementor-element-16a4eda e-con-full e-flex wpr-particle-no wpr-jarallax-no wpr-parallax-no wpr-sticky-section-no e-con e-child\" data-id=\"16a4eda\" data-element_type=\"container\">\n\t\t\t\t<div class=\"elementor-element elementor-element-fd2b28a elementor-widget elementor-widget-heading\" data-id=\"fd2b28a\" data-element_type=\"widget\" data-widget_type=\"heading.default\">\n\t\t\t\t<div class=\"elementor-widget-container\">\n\t\t\t\t\t<h2 class=\"elementor-heading-title elementor-size-default\">Conoce Nuestras Oficinas<\/h2>\t\t\t\t<\/div>\n\t\t\t\t<\/div>\n\t\t\t\t<\/div>\n\t\t<div class=\"elementor-element elementor-element-77b19b7 e-flex e-con-boxed wpr-particle-no wpr-jarallax-no wpr-parallax-no wpr-sticky-section-no e-con e-parent\" data-id=\"77b19b7\" data-element_type=\"container\">\n\t\t\t\t\t<div class=\"e-con-inner\">\n\t\t<div class=\"elementor-element elementor-element-fbea63d e-con-full e-flex wpr-particle-no wpr-jarallax-no wpr-parallax-no wpr-sticky-section-no e-con e-child\" data-id=\"fbea63d\" data-element_type=\"container\">\n\t\t<div class=\"elementor-element elementor-element-407d3db e-con-full e-flex wpr-particle-no wpr-jarallax-no wpr-parallax-no wpr-sticky-section-no e-con e-child\" data-id=\"407d3db\" data-element_type=\"container\">\n\t\t\t\t<div class=\"elementor-element elementor-element-5a47e9c elementor-widget elementor-widget-heading\" data-id=\"5a47e9c\" data-element_type=\"widget\" data-widget_type=\"heading.default\">\n\t\t\t\t<div class=\"elementor-widget-container\">\n\t\t\t\t\t<h2 class=\"elementor-heading-title elementor-size-default\">Oficina en Villavicencio<\/h2>\t\t\t\t<\/div>\n\t\t\t\t<\/div>\n\t\t\t\t<div class=\"elementor-element elementor-element-623ad8f elementor-widget elementor-widget-text-editor\" data-id=\"623ad8f\" data-element_type=\"widget\" data-widget_type=\"text-editor.default\">\n\t\t\t\t<div class=\"elementor-widget-container\">\n\t\t\t\t\t\t\t\t\t<p>Direcci\u00f3n: Carrera 32 No. 38-70, oficina 907, Edificio Romarco, Villavicencio, Meta.<\/p>\t\t\t\t\t\t\t\t<\/div>\n\t\t\t\t<\/div>\n\t\t\t\t<\/div>\n\t\t<div class=\"elementor-element elementor-element-71a1989 e-con-full e-flex wpr-particle-no wpr-jarallax-no wpr-parallax-no wpr-sticky-section-no e-con e-child\" data-id=\"71a1989\" data-element_type=\"container\">\n\t\t\t\t<div class=\"elementor-element elementor-element-0ecee23 elementor-widget__width-initial elementor-widget elementor-widget-html\" data-id=\"0ecee23\" data-element_type=\"widget\" data-widget_type=\"html.default\">\n\t\t\t\t<div class=\"elementor-widget-container\">\n\t\t\t\t\t<iframe data-src=\"https:\/\/www.google.com\/maps\/embed?pb=!1m18!1m12!1m3!1d591.5335032528174!2d-73.63775641913021!3d4.15195155405699!2m3!1f0!2f0!3f0!3m2!1i1024!2i768!4f13.1!3m3!1m2!1s0x8e3e2def6e600001%3A0xb366a9fba27766ae!2sEdificio%20Romarco!5e0!3m2!1ses!2sco!4v1722191622447!5m2!1ses!2sco\" width=\"600\" height=\"450\" style=\"border:0;\" allowfullscreen=\"\" referrerpolicy=\"no-referrer-when-downgrade\" src=\"data:image\/svg+xml;base64,PHN2ZyB3aWR0aD0iMSIgaGVpZ2h0PSIxIiB4bWxucz0iaHR0cDovL3d3dy53My5vcmcvMjAwMC9zdmciPjwvc3ZnPg==\" class=\"lazyload\" data-load-mode=\"1\"><\/iframe>\t\t\t\t<\/div>\n\t\t\t\t<\/div>\n\t\t\t\t<\/div>\n\t\t\t\t<\/div>\n\t\t\t\t\t<\/div>\n\t\t\t\t<\/div>\n\t\t<div class=\"elementor-element elementor-element-754a001 e-flex e-con-boxed wpr-particle-no wpr-jarallax-no wpr-parallax-no wpr-sticky-section-no e-con e-parent\" data-id=\"754a001\" data-element_type=\"container\">\n\t\t\t\t\t<div class=\"e-con-inner\">\n\t\t<div class=\"elementor-element elementor-element-70e871f e-con-full e-flex wpr-particle-no wpr-jarallax-no wpr-parallax-no wpr-sticky-section-no e-con e-child\" data-id=\"70e871f\" data-element_type=\"container\">\n\t\t<div class=\"elementor-element elementor-element-02e9151 e-con-full e-flex wpr-particle-no wpr-jarallax-no wpr-parallax-no wpr-sticky-section-no e-con e-child\" data-id=\"02e9151\" data-element_type=\"container\">\n\t\t\t\t<div class=\"elementor-element elementor-element-c66f136 elementor-widget elementor-widget-heading\" data-id=\"c66f136\" data-element_type=\"widget\" data-widget_type=\"heading.default\">\n\t\t\t\t<div class=\"elementor-widget-container\">\n\t\t\t\t\t<h2 class=\"elementor-heading-title elementor-size-default\">Oficina en Bogot\u00e1<\/h2>\t\t\t\t<\/div>\n\t\t\t\t<\/div>\n\t\t\t\t<div class=\"elementor-element elementor-element-b82366f elementor-widget elementor-widget-text-editor\" data-id=\"b82366f\" data-element_type=\"widget\" data-widget_type=\"text-editor.default\">\n\t\t\t\t<div class=\"elementor-widget-container\">\n\t\t\t\t\t\t\t\t\t<p>Calle 12 No. 7-32, oficina 13-01, Edificio Banco Comercial Antioque\u00f1o, Bogot\u00e1 D.C.<\/p>\t\t\t\t\t\t\t\t<\/div>\n\t\t\t\t<\/div>\n\t\t\t\t<\/div>\n\t\t<div class=\"elementor-element elementor-element-534c4c5 e-con-full e-flex wpr-particle-no wpr-jarallax-no wpr-parallax-no wpr-sticky-section-no e-con e-child\" data-id=\"534c4c5\" data-element_type=\"container\">\n\t\t\t\t<div class=\"elementor-element elementor-element-b33552b elementor-widget__width-initial elementor-widget elementor-widget-html\" data-id=\"b33552b\" data-element_type=\"widget\" data-widget_type=\"html.default\">\n\t\t\t\t<div class=\"elementor-widget-container\">\n\t\t\t\t\t<iframe data-src=\"https:\/\/www.google.com\/maps\/embed?pb=!1m18!1m12!1m3!1d3976.9687820492845!2d-74.07747392596328!3d4.5996147425275415!2m3!1f0!2f0!3f0!3m2!1i1024!2i768!4f13.1!3m3!1m2!1s0x8e3f99a7a7608869%3A0x1cf64d523db94be5!2sEdificio%20Banco%20Comercial%20Antioque%C3%B1o!5e0!3m2!1ses!2sco!4v1722191370043!5m2!1ses!2sco\" width=\"600\" height=\"450\" style=\"border:0;\" allowfullscreen=\"\" referrerpolicy=\"no-referrer-when-downgrade\" src=\"data:image\/svg+xml;base64,PHN2ZyB3aWR0aD0iMSIgaGVpZ2h0PSIxIiB4bWxucz0iaHR0cDovL3d3dy53My5vcmcvMjAwMC9zdmciPjwvc3ZnPg==\" class=\"lazyload\" data-load-mode=\"1\"><\/iframe>\t\t\t\t<\/div>\n\t\t\t\t<\/div>\n\t\t\t\t<\/div>\n\t\t\t\t<\/div>\n\t\t\t\t\t<\/div>\n\t\t\t\t<\/div>\n\t\t\t\t<\/div>\n\t\t","protected":false},"excerpt":{"rendered":"<p>Nuestra Historia Inicios Aunque Balaguera L\u00f3pez Abogados Consultores S.A.S. se constituy\u00f3 formalmente en 2020, la firma recoge la vasta experiencia de m\u00e1s de 30 a\u00f1os de uno de sus socios fundadores, Wilson Balaguera Pardo, abogado de la Universidad Nacional de Colombia y especialista en derecho laboral y administrativo de la Universidad del Rosario. Esta trayectoria le permite a la firma combinar un conocimiento profundo en el \u00e1mbito jur\u00eddico con una visi\u00f3n moderna que responde a las demandas de un mercado en constante cambio. Desde el comienzo, Balaguera L\u00f3pez Abogados Consultores\u00a0S.A.S. se ha destacado por brindar asesor\u00eda jur\u00eddica de vanguardia a empresas de diversos sectores, ayud\u00e1ndolas a enfrentar los desaf\u00edos de un entorno empresarial cada vez m\u00e1s competitivo. Nos especializamos en derecho corporativo, constituci\u00f3n de sociedades, contratos comerciales, fusiones y adquisiciones, gobierno corporativo y cumplimiento normativo. Con El Tiempo Nuestro Portafolio se Ha AmpliadoCon el fin de cubrir las necesidades legales de nuestros clientes, nuestro portafolio se extiende a diversas \u00e1reas del derecho, incluyendo competencia desleal, derecho laboral, derecho civil, procesos de insolvencia y reorganizaci\u00f3n, liquidaciones judiciales, acciones jurisdiccionales en lo p\u00fablico administrativo, as\u00ed como el segmento de contrataci\u00f3n estatal. Este enfoque integral nos permite ofrecer soluciones legales adaptadas a las demandas y objetivos espec\u00edficos de cada cliente Hoy Dia Actualmente, Balaguera L\u00f3pez Abogados Consultores\u00a0S.A.S. cuenta con clientes en operaci\u00f3n de litigio y consultor\u00eda en m\u00faltiples ciudades de Colombia, incluyendo Bogot\u00e1, Villavicencio, Yopal, Medell\u00edn, Cali, Jamund\u00ed, Palmira, Popay\u00e1n y Puerto Carre\u00f1o. Esta amplia cobertura nos permite adaptarnos a las necesidades locales de cada cliente, ofreciendo un servicio \u00e1gil y eficiente en todo el pa\u00eds. Nuestra firma es reconocida por su excelencia en el servicio, integridad y resultados excepcionales, siendo un destino atractivo para los mejores talentos del derecho. Con oficinas en Bogot\u00e1 y Villavicencio, seguimos liderando el mercado legal colombiano, brindando asesor\u00eda de vanguardia a empresas de todos los tama\u00f1os y sectores. Nuestra historia es un testimonio de nuestro compromiso con la innovaci\u00f3n, la dedicaci\u00f3n y la excelencia en el derecho, respaldada por la experiencia de tres d\u00e9cadas de nuestro socio fundador. Conoce Nuestras Oficinas Oficina en Villavicencio Direcci\u00f3n: Carrera 32 No. 38-70, oficina 907, Edificio Romarco, Villavicencio, Meta. Oficina en Bogot\u00e1 Calle 12 No. 7-32, oficina 13-01, Edificio Banco Comercial Antioque\u00f1o, Bogot\u00e1 D.C.<\/p>\n","protected":false},"author":2,"featured_media":0,"parent":0,"menu_order":0,"comment_status":"closed","ping_status":"closed","template":"","meta":{"content-type":"","om_disable_all_campaigns":false,"_monsterinsights_skip_tracking":false,"_monsterinsights_sitenote_active":false,"_monsterinsights_sitenote_note":"","_monsterinsights_sitenote_category":0,"_uf_show_specific_survey":0,"_uf_disable_surveys":false,"site-sidebar-layout":"no-sidebar","site-content-layout":"page-builder","ast-site-content-layout":"full-width-container","site-content-style":"unboxed","site-sidebar-style":"unboxed","ast-global-header-display":"","ast-banner-title-visibility":"","ast-main-header-display":"","ast-hfb-above-header-display":"","ast-hfb-below-header-display":"","ast-hfb-mobile-header-display":"","site-post-title":"disabled","ast-breadcrumbs-content":"","ast-featured-img":"disabled","footer-sml-layout":"","theme-transparent-header-meta":"","adv-header-id-meta":"","stick-header-meta":"","header-above-stick-meta":"","header-main-stick-meta":"","header-below-stick-meta":"","astra-migrate-meta-layouts":"set","footnotes":""},"class_list":["post-10997","page","type-page","status-publish","hentry"],"aioseo_notices":[],"rttpg_featured_image_url":null,"rttpg_author":{"display_name":"arturo.admin","author_link":"https:\/\/balagueraabogados.com\/index.php\/author\/arturo-admin\/"},"rttpg_comment":0,"rttpg_category":null,"rttpg_excerpt":"Nuestra Historia Inicios Aunque Balaguera L\u00f3pez Abogados Consultores S.A.S. se constituy\u00f3 formalmente en 2020, la firma recoge la vasta experiencia de m\u00e1s de 30 a\u00f1os de uno de sus socios fundadores, Wilson Balaguera Pardo, abogado de la Universidad Nacional de Colombia y especialista en derecho laboral y administrativo de la Universidad del Rosario. Esta trayectoria&hellip;","_links":{"self":[{"href":"https:\/\/balagueraabogados.com\/index.php\/wp-json\/wp\/v2\/pages\/10997","targetHints":{"allow":["GET"]}}],"collection":[{"href":"https:\/\/balagueraabogados.com\/index.php\/wp-json\/wp\/v2\/pages"}],"about":[{"href":"https:\/\/balagueraabogados.com\/index.php\/wp-json\/wp\/v2\/types\/page"}],"author":[{"embeddable":true,"href":"https:\/\/balagueraabogados.com\/index.php\/wp-json\/wp\/v2\/users\/2"}],"replies":[{"embeddable":true,"href":"https:\/\/balagueraabogados.com\/index.php\/wp-json\/wp\/v2\/comments?post=10997"}],"version-history":[{"count":45,"href":"https:\/\/balagueraabogados.com\/index.php\/wp-json\/wp\/v2\/pages\/10997\/revisions"}],"predecessor-version":[{"id":81878,"href":"https:\/\/balagueraabogados.com\/index.php\/wp-json\/wp\/v2\/pages\/10997\/revisions\/81878"}],"wp:attachment":[{"href":"https:\/\/balagueraabogados.com\/index.php\/wp-json\/wp\/v2\/media?parent=10997"}],"curies":[{"name":"wp","href":"https:\/\/api.w.org\/{rel}","templated":true}]}}