{"id":11078,"date":"2023-07-24T12:41:14","date_gmt":"2023-07-24T12:41:14","guid":{"rendered":"http:\/\/balagueraabogados.com\/?page_id=11078"},"modified":"2023-07-24T12:57:49","modified_gmt":"2023-07-24T12:57:49","slug":"portal-de-pagos","status":"publish","type":"page","link":"https:\/\/balagueraabogados.com\/index.php\/portal-de-pagos\/","title":{"rendered":"Portal de pagos"},"content":{"rendered":"\t\t<div data-elementor-type=\"wp-page\" data-elementor-id=\"11078\" class=\"elementor elementor-11078\">\n\t\t\t\t<div class=\"elementor-element elementor-element-3e46627 e-flex e-con-boxed wpr-particle-no wpr-jarallax-no wpr-parallax-no wpr-sticky-section-no e-con e-parent\" data-id=\"3e46627\" data-element_type=\"container\">\n\t\t\t\t\t<div class=\"e-con-inner\">\n\t\t\t\t<div class=\"elementor-element elementor-element-9bfef5a elementor-widget elementor-widget-text-editor\" data-id=\"9bfef5a\" data-element_type=\"widget\" data-widget_type=\"text-editor.default\">\n\t\t\t\t<div class=\"elementor-widget-container\">\n\t\t\t\t\t\t\t\t\t<h1>Portal de pagos<\/h1>\t\t\t\t\t\t\t\t<\/div>\n\t\t\t\t<\/div>\n\t\t\t\t\t<\/div>\n\t\t\t\t<\/div>\n\t\t<div class=\"elementor-element elementor-element-8c219df e-flex e-con-boxed wpr-particle-no wpr-jarallax-no wpr-parallax-no wpr-sticky-section-no e-con e-parent\" data-id=\"8c219df\" data-element_type=\"container\">\n\t\t\t\t\t<div class=\"e-con-inner\">\n\t\t<div class=\"elementor-element elementor-element-10db1e2 e-con-full e-flex wpr-particle-no wpr-jarallax-no wpr-parallax-no wpr-sticky-section-no e-con e-parent\" data-id=\"10db1e2\" data-element_type=\"container\">\n\t\t\t\t<div class=\"elementor-element elementor-element-d09aeb6 elementor-widget elementor-widget-text-editor\" data-id=\"d09aeb6\" data-element_type=\"widget\" data-widget_type=\"text-editor.default\">\n\t\t\t\t<div class=\"elementor-widget-container\">\n\t\t\t\t\t\t\t\t\t<p>\u00a1Estimado cliente!<\/p><p>Queremos facilitarte el proceso de pago de honorarios para que sea m\u00e1s r\u00e1pido y sencillo. Por eso, ahora puedes utilizar nuestro nuevo Dat\u00e1fono Virtual. \u00a1Es la forma m\u00e1s f\u00e1cil de realizar tus pagos!<\/p>\t\t\t\t\t\t\t\t<\/div>\n\t\t\t\t<\/div>\n\t\t\t\t<div class=\"elementor-element elementor-element-16fd39b elementor-widget elementor-widget-image\" data-id=\"16fd39b\" data-element_type=\"widget\" data-widget_type=\"image.default\">\n\t\t\t\t<div class=\"elementor-widget-container\">\n\t\t\t\t\t\t\t\t\t\t\t\t\t\t\t<img fetchpriority=\"high\" decoding=\"async\" width=\"500\" height=\"500\" src=\"https:\/\/balagueraabogados.com\/wp-content\/uploads\/2023\/07\/Datafono-virtual.png\" class=\"attachment-large size-large wp-image-11099\" alt=\"\" srcset=\"https:\/\/balagueraabogados.com\/wp-content\/uploads\/2023\/07\/Datafono-virtual.png 500w, https:\/\/balagueraabogados.com\/wp-content\/uploads\/2023\/07\/Datafono-virtual-300x300.png 300w, https:\/\/balagueraabogados.com\/wp-content\/uploads\/2023\/07\/Datafono-virtual-150x150.png 150w, https:\/\/balagueraabogados.com\/wp-content\/uploads\/2023\/07\/Datafono-virtual-100x100.png 100w\" sizes=\"(max-width: 500px) 100vw, 500px\" \/>\t\t\t\t\t\t\t\t\t\t\t\t\t\t\t<\/div>\n\t\t\t\t<\/div>\n\t\t\t\t<\/div>\n\t\t<div class=\"elementor-element elementor-element-e4fed8f e-con-full e-flex wpr-particle-no wpr-jarallax-no wpr-parallax-no wpr-sticky-section-no e-con e-parent\" data-id=\"e4fed8f\" data-element_type=\"container\">\n\t\t<div class=\"elementor-element elementor-element-4b04c77 e-flex e-con-boxed wpr-particle-no wpr-jarallax-no wpr-parallax-no wpr-sticky-section-no e-con e-parent\" data-id=\"4b04c77\" data-element_type=\"container\">\n\t\t\t\t\t<div class=\"e-con-inner\">\n\t\t\t\t<div class=\"elementor-element elementor-element-997b129 elementor-widget elementor-widget-text-editor\" data-id=\"997b129\" data-element_type=\"widget\" data-widget_type=\"text-editor.default\">\n\t\t\t\t<div class=\"elementor-widget-container\">\n\t\t\t\t\t\t\t\t\t<p><span style=\"font-style: inherit; font-weight: inherit; color: var( --e-global-color-text ); font-family: var( --e-global-typography-text-font-family ), Sans-serif; text-align: var(--text-align);\">\u00bfC\u00f3mo funciona?<\/span><\/p>\n<ul>\n<li>\n<p>Escanea el c\u00f3digo QR usando tu tel\u00e9fono o haz click <a href=\"https:\/\/checkout.wompi.co\/l\/VPOS_T05EAH\"><span style=\"color: #ff6600;\">AQUI<\/span><\/a>. Es r\u00e1pido y seguro.<\/p>\n<\/li>\n<li>\n<p><span style=\"font-style: inherit; font-weight: inherit; color: var( --e-global-color-text ); font-family: var( --e-global-typography-text-font-family ), Sans-serif; text-align: var(--text-align);\">Ingresa el monto a pagar.<\/span><\/p>\n<\/li>\n<li>\n<p><span style=\"font-style: inherit; font-weight: inherit; color: var( --e-global-color-text ); font-family: var( --e-global-typography-text-font-family ), Sans-serif; text-align: var(--text-align);\">Selecciona el m\u00e9todo de pago e ingresa tu informaci\u00f3n personal.&nbsp;<\/span><\/p>\n<\/li>\n<li>\n<p>El pago se realizar\u00e1 en segundos y recibir\u00e1s una confirmaci\u00f3n inmediata.<\/p>\n<\/li>\n<\/ul>\t\t\t\t\t\t\t\t<\/div>\n\t\t\t\t<\/div>\n\t\t\t\t\t<\/div>\n\t\t\t\t<\/div>\n\t\t<div class=\"elementor-element elementor-element-b348e63 e-flex e-con-boxed wpr-particle-no wpr-jarallax-no wpr-parallax-no wpr-sticky-section-no e-con e-parent\" data-id=\"b348e63\" data-element_type=\"container\">\n\t\t\t\t\t<div class=\"e-con-inner\">\n\t\t\t\t<div class=\"elementor-element elementor-element-9d841a5 elementor-widget elementor-widget-text-editor\" data-id=\"9d841a5\" data-element_type=\"widget\" data-widget_type=\"text-editor.default\">\n\t\t\t\t<div class=\"elementor-widget-container\">\n\t\t\t\t\t\t\t\t\t<p>\u00bfPor qu\u00e9 usar el Dat\u00e1fono Virtual de Wompi?<\/p><ul><li>Es f\u00e1cil: No necesitas llevar efectivo ni usar tarjetas f\u00edsicas. Solo escanea el c\u00f3digo y listo.<\/li><li>Es r\u00e1pido: En cuesti\u00f3n de segundos, tu pago estar\u00e1 realizado. Olv\u00eddate de esperas innecesarias.<\/li><li>Es seguro: Wompi utiliza la \u00faltima tecnolog\u00eda en seguridad para proteger tus datos y garantizar transacciones seguras.<\/li><\/ul><p>Adem\u00e1s, al utilizar el Dat\u00e1fono Virtual de Wompi, estar\u00e1s contribuyendo al cuidado del medio ambiente al reducir el uso de papel y pl\u00e1sticos de las tarjetas f\u00edsicas.<\/p>\t\t\t\t\t\t\t\t<\/div>\n\t\t\t\t<\/div>\n\t\t\t\t\t<\/div>\n\t\t\t\t<\/div>\n\t\t\t\t<\/div>\n\t\t\t\t\t<\/div>\n\t\t\t\t<\/div>\n\t\t<div class=\"elementor-element elementor-element-76968d3 e-flex e-con-boxed wpr-particle-no wpr-jarallax-no wpr-parallax-no wpr-sticky-section-no e-con e-parent\" data-id=\"76968d3\" data-element_type=\"container\">\n\t\t\t\t\t<div class=\"e-con-inner\">\n\t\t\t\t<div class=\"elementor-element elementor-element-7fcc54e elementor-widget elementor-widget-text-editor\" data-id=\"7fcc54e\" data-element_type=\"widget\" data-widget_type=\"text-editor.default\">\n\t\t\t\t<div class=\"elementor-widget-container\">\n\t\t\t\t\t\t\t\t\t<p>As\u00ed que, la pr\u00f3xima vez que necesites realizar un pago de honorarios, te invitamos a utilizar nuestro Dat\u00e1fono Virtual de Wompi. \u00a1Es la forma m\u00e1s f\u00e1cil y conveniente de hacerlo!<\/p><p>Gracias por confiar en nosotros. Si tienes alguna pregunta o necesitas m\u00e1s informaci\u00f3n, no dudes en contactarnos.<\/p><p>\u00a1Estamos aqu\u00ed para ayudarte en todo momento!<\/p><p>Atentamente,\u00a0<\/p><p>Balaguera L\u00f3pez Abogados Consultores<\/p>\t\t\t\t\t\t\t\t<\/div>\n\t\t\t\t<\/div>\n\t\t\t\t\t<\/div>\n\t\t\t\t<\/div>\n\t\t<div class=\"elementor-element elementor-element-94e35a2 e-flex e-con-boxed wpr-particle-no wpr-jarallax-no wpr-parallax-no wpr-sticky-section-no e-con e-parent\" data-id=\"94e35a2\" data-element_type=\"container\">\n\t\t\t\t\t<div class=\"e-con-inner\">\n\t\t\t\t<div class=\"elementor-element elementor-element-3f5103e elementor-widget elementor-widget-image\" data-id=\"3f5103e\" data-element_type=\"widget\" data-widget_type=\"image.default\">\n\t\t\t\t<div class=\"elementor-widget-container\">\n\t\t\t\t\t\t\t\t\t\t\t\t\t\t\t<img decoding=\"async\" width=\"1024\" height=\"576\" data-src=\"https:\/\/balagueraabogados.com\/wp-content\/uploads\/2023\/07\/DSCF5344-1024x576.jpg\" class=\"attachment-large size-large wp-image-11071 lazyload\" alt=\"\" data-srcset=\"https:\/\/balagueraabogados.com\/wp-content\/uploads\/2023\/07\/DSCF5344-1024x576.jpg 1024w, https:\/\/balagueraabogados.com\/wp-content\/uploads\/2023\/07\/DSCF5344-300x169.jpg 300w, https:\/\/balagueraabogados.com\/wp-content\/uploads\/2023\/07\/DSCF5344-768x432.jpg 768w, https:\/\/balagueraabogados.com\/wp-content\/uploads\/2023\/07\/DSCF5344-1536x864.jpg 1536w, https:\/\/balagueraabogados.com\/wp-content\/uploads\/2023\/07\/DSCF5344-2048x1152.jpg 2048w, https:\/\/balagueraabogados.com\/wp-content\/uploads\/2023\/07\/DSCF5344-600x338.jpg 600w\" data-sizes=\"(max-width: 1024px) 100vw, 1024px\" src=\"data:image\/svg+xml;base64,PHN2ZyB3aWR0aD0iMSIgaGVpZ2h0PSIxIiB4bWxucz0iaHR0cDovL3d3dy53My5vcmcvMjAwMC9zdmciPjwvc3ZnPg==\" style=\"--smush-placeholder-width: 1024px; --smush-placeholder-aspect-ratio: 1024\/576;\" \/>\t\t\t\t\t\t\t\t\t\t\t\t\t\t\t<\/div>\n\t\t\t\t<\/div>\n\t\t\t\t\t<\/div>\n\t\t\t\t<\/div>\n\t\t\t\t<\/div>\n\t\t","protected":false},"excerpt":{"rendered":"<p>Portal de pagos \u00a1Estimado cliente! Queremos facilitarte el proceso de pago de honorarios para que sea m\u00e1s r\u00e1pido y sencillo. Por eso, ahora puedes utilizar nuestro nuevo Dat\u00e1fono Virtual. \u00a1Es la forma m\u00e1s f\u00e1cil de realizar tus pagos! \u00bfC\u00f3mo funciona? Escanea el c\u00f3digo QR usando tu tel\u00e9fono o haz click AQUI. Es r\u00e1pido y seguro. Ingresa el monto a pagar. Selecciona el m\u00e9todo de pago e ingresa tu informaci\u00f3n personal.&nbsp; El pago se realizar\u00e1 en segundos y recibir\u00e1s una confirmaci\u00f3n inmediata. \u00bfPor qu\u00e9 usar el Dat\u00e1fono Virtual de Wompi? Es f\u00e1cil: No necesitas llevar efectivo ni usar tarjetas f\u00edsicas. Solo escanea el c\u00f3digo y listo. Es r\u00e1pido: En cuesti\u00f3n de segundos, tu pago estar\u00e1 realizado. Olv\u00eddate de esperas innecesarias. Es seguro: Wompi utiliza la \u00faltima tecnolog\u00eda en seguridad para proteger tus datos y garantizar transacciones seguras. Adem\u00e1s, al utilizar el Dat\u00e1fono Virtual de Wompi, estar\u00e1s contribuyendo al cuidado del medio ambiente al reducir el uso de papel y pl\u00e1sticos de las tarjetas f\u00edsicas. As\u00ed que, la pr\u00f3xima vez que necesites realizar un pago de honorarios, te invitamos a utilizar nuestro Dat\u00e1fono Virtual de Wompi. \u00a1Es la forma m\u00e1s f\u00e1cil y conveniente de hacerlo! Gracias por confiar en nosotros. Si tienes alguna pregunta o necesitas m\u00e1s informaci\u00f3n, no dudes en contactarnos. \u00a1Estamos aqu\u00ed para ayudarte en todo momento! Atentamente,\u00a0 Balaguera L\u00f3pez Abogados Consultores<\/p>\n","protected":false},"author":2,"featured_media":0,"parent":0,"menu_order":0,"comment_status":"closed","ping_status":"closed","template":"","meta":{"content-type":"","om_disable_all_campaigns":false,"_monsterinsights_skip_tracking":false,"_monsterinsights_sitenote_active":false,"_monsterinsights_sitenote_note":"","_monsterinsights_sitenote_category":0,"_uf_show_specific_survey":0,"_uf_disable_surveys":false,"site-sidebar-layout":"no-sidebar","site-content-layout":"page-builder","ast-site-content-layout":"","site-content-style":"default","site-sidebar-style":"default","ast-global-header-display":"","ast-banner-title-visibility":"","ast-main-header-display":"","ast-hfb-above-header-display":"","ast-hfb-below-header-display":"","ast-hfb-mobile-header-display":"","site-post-title":"disabled","ast-breadcrumbs-content":"","ast-featured-img":"disabled","footer-sml-layout":"","theme-transparent-header-meta":"","adv-header-id-meta":"","stick-header-meta":"","header-above-stick-meta":"","header-main-stick-meta":"","header-below-stick-meta":"","astra-migrate-meta-layouts":"","footnotes":""},"class_list":["post-11078","page","type-page","status-publish","hentry"],"aioseo_notices":[],"rttpg_featured_image_url":null,"rttpg_author":{"display_name":"arturo.admin","author_link":"https:\/\/balagueraabogados.com\/index.php\/author\/arturo-admin\/"},"rttpg_comment":0,"rttpg_category":null,"rttpg_excerpt":"Portal de pagos \u00a1Estimado cliente! Queremos facilitarte el proceso de pago de honorarios para que sea m\u00e1s r\u00e1pido y sencillo. Por eso, ahora puedes utilizar nuestro nuevo Dat\u00e1fono Virtual. \u00a1Es la forma m\u00e1s f\u00e1cil de realizar tus pagos! \u00bfC\u00f3mo funciona? Escanea el c\u00f3digo QR usando tu tel\u00e9fono o haz click AQUI. Es r\u00e1pido y seguro.&hellip;","_links":{"self":[{"href":"https:\/\/balagueraabogados.com\/index.php\/wp-json\/wp\/v2\/pages\/11078","targetHints":{"allow":["GET"]}}],"collection":[{"href":"https:\/\/balagueraabogados.com\/index.php\/wp-json\/wp\/v2\/pages"}],"about":[{"href":"https:\/\/balagueraabogados.com\/index.php\/wp-json\/wp\/v2\/types\/page"}],"author":[{"embeddable":true,"href":"https:\/\/balagueraabogados.com\/index.php\/wp-json\/wp\/v2\/users\/2"}],"replies":[{"embeddable":true,"href":"https:\/\/balagueraabogados.com\/index.php\/wp-json\/wp\/v2\/comments?post=11078"}],"version-history":[{"count":4,"href":"https:\/\/balagueraabogados.com\/index.php\/wp-json\/wp\/v2\/pages\/11078\/revisions"}],"predecessor-version":[{"id":11102,"href":"https:\/\/balagueraabogados.com\/index.php\/wp-json\/wp\/v2\/pages\/11078\/revisions\/11102"}],"wp:attachment":[{"href":"https:\/\/balagueraabogados.com\/index.php\/wp-json\/wp\/v2\/media?parent=11078"}],"curies":[{"name":"wp","href":"https:\/\/api.w.org\/{rel}","templated":true}]}}